{"id":7814,"date":"2025-04-04T03:06:45","date_gmt":"2025-04-04T01:06:45","guid":{"rendered":"https:\/\/dev.moissonnier.com\/produit\/sevigne-headboard-ref-144ter-3\/"},"modified":"2025-09-12T18:25:54","modified_gmt":"2025-09-12T16:25:54","slug":"sevigne-headboard-beech-lacquered-gris-couture-144terb","status":"publish","type":"product","link":"https:\/\/moissonnier.com\/en\/produit\/sevigne-headboard-beech-lacquered-gris-couture-144terb\/","title":{"rendered":"S\u00e9vign\u00e9 headboard <br> Ref. 144TER"},"content":{"rendered":"<p>Sevign\u00e9 headboard.<br \/>\n  Metreage for 140 cm wide plain fabric: 4.00m. For 160x200cm bedding. <\/p>\n","protected":false},"excerpt":{"rendered":"<p>Sevign\u00e9 headboard. Metreage for 140 cm wide plain fabric: 4.00m. For 160x200cm bedding.<\/p>\n","protected":false},"featured_media":6005,"template":"","meta":{"_acf_changed":false},"ref-declinaison-tax":[403],"product_brand":[],"product_cat":[263],"product_tag":[281],"class_list":{"0":"post-7814","1":"product","2":"type-product","3":"status-publish","4":"has-post-thumbnail","6":"ref-declinaison-tax-144ter-en","7":"product_cat-variants","8":"product_tag-louis-xv-regency","9":"infinite-scroll-item","10":"","11":"woocommerce-text-align-center","12":"woocommerce-image-align-center","14":"first","15":"instock","16":"product-type-simple"},"acf":[],"_links":{"self":[{"href":"https:\/\/moissonnier.com\/en\/wp-json\/wp\/v2\/product\/7814","targetHints":{"allow":["GET"]}}],"collection":[{"href":"https:\/\/moissonnier.com\/en\/wp-json\/wp\/v2\/product"}],"about":[{"href":"https:\/\/moissonnier.com\/en\/wp-json\/wp\/v2\/types\/product"}],"wp:featuredmedia":[{"embeddable":true,"href":"https:\/\/moissonnier.com\/en\/wp-json\/wp\/v2\/media\/6005"}],"wp:attachment":[{"href":"https:\/\/moissonnier.com\/en\/wp-json\/wp\/v2\/media?parent=7814"}],"wp:term":[{"taxonomy":"ref-declinaison-tax","embeddable":true,"href":"https:\/\/moissonnier.com\/en\/wp-json\/wp\/v2\/ref-declinaison-tax?post=7814"},{"taxonomy":"product_brand","embeddable":true,"href":"https:\/\/moissonnier.com\/en\/wp-json\/wp\/v2\/product_brand?post=7814"},{"taxonomy":"product_cat","embeddable":true,"href":"https:\/\/moissonnier.com\/en\/wp-json\/wp\/v2\/product_cat?post=7814"},{"taxonomy":"product_tag","embeddable":true,"href":"https:\/\/moissonnier.com\/en\/wp-json\/wp\/v2\/product_tag?post=7814"}],"curies":[{"name":"wp","href":"https:\/\/api.w.org\/{rel}","templated":true}]}}