{"id":7218,"date":"2025-04-22T16:27:17","date_gmt":"2025-04-22T14:27:17","guid":{"rendered":"https:\/\/dev.moissonnier.com\/produit\/sevigne-headboard-ref-144ter\/"},"modified":"2025-09-12T18:24:30","modified_gmt":"2025-09-12T16:24:30","slug":"sevigne-bed-head-white-lacquered-beech-144terb","status":"publish","type":"product","link":"https:\/\/moissonnier.com\/en\/produit\/sevigne-bed-head-white-lacquered-beech-144terb\/","title":{"rendered":"S\u00e9vign\u00e9 bed head <br>Ref. 144TER"},"content":{"rendered":"<p>Sevign\u00e9 bed head?.<br \/>\nYardage for a plain-coloured fabric 140 cm wide: 4.00m. For 160 x 200 cm bedding. <\/p>\n","protected":false},"excerpt":{"rendered":"<p>Sevign\u00e9 bed head?. Yardage for a plain-coloured fabric 140 cm wide: 4.00m. For 160 x 200 cm bedding.<\/p>\n","protected":false},"featured_media":6427,"template":"","meta":{"_acf_changed":false},"ref-declinaison-tax":[],"product_brand":[],"product_cat":[269],"product_tag":[281],"class_list":{"0":"post-7218","1":"product","2":"type-product","3":"status-publish","4":"has-post-thumbnail","6":"product_cat-beds","7":"product_tag-louis-xv-regency","8":"infinite-scroll-item","9":"","10":"woocommerce-text-align-center","11":"woocommerce-image-align-center","13":"first","14":"instock","15":"product-type-simple"},"acf":[],"_links":{"self":[{"href":"https:\/\/moissonnier.com\/en\/wp-json\/wp\/v2\/product\/7218","targetHints":{"allow":["GET"]}}],"collection":[{"href":"https:\/\/moissonnier.com\/en\/wp-json\/wp\/v2\/product"}],"about":[{"href":"https:\/\/moissonnier.com\/en\/wp-json\/wp\/v2\/types\/product"}],"wp:featuredmedia":[{"embeddable":true,"href":"https:\/\/moissonnier.com\/en\/wp-json\/wp\/v2\/media\/6427"}],"wp:attachment":[{"href":"https:\/\/moissonnier.com\/en\/wp-json\/wp\/v2\/media?parent=7218"}],"wp:term":[{"taxonomy":"ref-declinaison-tax","embeddable":true,"href":"https:\/\/moissonnier.com\/en\/wp-json\/wp\/v2\/ref-declinaison-tax?post=7218"},{"taxonomy":"product_brand","embeddable":true,"href":"https:\/\/moissonnier.com\/en\/wp-json\/wp\/v2\/product_brand?post=7218"},{"taxonomy":"product_cat","embeddable":true,"href":"https:\/\/moissonnier.com\/en\/wp-json\/wp\/v2\/product_cat?post=7218"},{"taxonomy":"product_tag","embeddable":true,"href":"https:\/\/moissonnier.com\/en\/wp-json\/wp\/v2\/product_tag?post=7218"}],"curies":[{"name":"wp","href":"https:\/\/api.w.org\/{rel}","templated":true}]}}