{"id":12062,"date":"2025-12-23T16:19:02","date_gmt":"2025-12-23T15:19:02","guid":{"rendered":"https:\/\/moissonnier.com\/?post_type=product&#038;p=12062"},"modified":"2025-12-23T16:19:02","modified_gmt":"2025-12-23T15:19:02","slug":"miroir-rond-ref-657bis","status":"publish","type":"product","link":"https:\/\/moissonnier.com\/en\/produit\/miroir-rond-ref-657bis\/","title":{"rendered":"Miroir rond <br \/> R\u00e9f. 657BIS"},"content":{"rendered":"<p>Miroir rond moulur\u00e9, dor\u00e9.<\/p>\n","protected":false},"excerpt":{"rendered":"<p>Miroir rond moulur\u00e9, dor\u00e9.<\/p>\n","protected":false},"featured_media":12058,"template":"","meta":{"_acf_changed":false},"ref-declinaison-tax":[494],"product_brand":[],"product_cat":[22],"product_tag":[246],"class_list":{"0":"post-12062","1":"product","2":"type-product","3":"status-publish","4":"has-post-thumbnail","6":"ref-declinaison-tax-657bis","7":"product_cat-consoles-miroirs","8":"product_tag-xviii","9":"infinite-scroll-item","10":"","11":"woocommerce-text-align-center","12":"woocommerce-image-align-center","14":"first","15":"instock","16":"shipping-taxable","17":"product-type-simple"},"acf":[],"_links":{"self":[{"href":"https:\/\/moissonnier.com\/en\/wp-json\/wp\/v2\/product\/12062","targetHints":{"allow":["GET"]}}],"collection":[{"href":"https:\/\/moissonnier.com\/en\/wp-json\/wp\/v2\/product"}],"about":[{"href":"https:\/\/moissonnier.com\/en\/wp-json\/wp\/v2\/types\/product"}],"wp:featuredmedia":[{"embeddable":true,"href":"https:\/\/moissonnier.com\/en\/wp-json\/wp\/v2\/media\/12058"}],"wp:attachment":[{"href":"https:\/\/moissonnier.com\/en\/wp-json\/wp\/v2\/media?parent=12062"}],"wp:term":[{"taxonomy":"ref-declinaison-tax","embeddable":true,"href":"https:\/\/moissonnier.com\/en\/wp-json\/wp\/v2\/ref-declinaison-tax?post=12062"},{"taxonomy":"product_brand","embeddable":true,"href":"https:\/\/moissonnier.com\/en\/wp-json\/wp\/v2\/product_brand?post=12062"},{"taxonomy":"product_cat","embeddable":true,"href":"https:\/\/moissonnier.com\/en\/wp-json\/wp\/v2\/product_cat?post=12062"},{"taxonomy":"product_tag","embeddable":true,"href":"https:\/\/moissonnier.com\/en\/wp-json\/wp\/v2\/product_tag?post=12062"}],"curies":[{"name":"wp","href":"https:\/\/api.w.org\/{rel}","templated":true}]}}