{"id":11997,"date":"2025-04-04T07:50:40","date_gmt":"2025-04-04T05:50:40","guid":{"rendered":"https:\/\/moissonnier.com\/?post_type=product&#038;p=11997"},"modified":"2025-12-23T09:41:49","modified_gmt":"2025-12-23T08:41:49","slug":"portant-bambou-ref-815","status":"publish","type":"product","link":"https:\/\/moissonnier.com\/en\/produit\/portant-bambou-ref-815\/","title":{"rendered":"Portant Bambou <br \/> R\u00e9f. 815"},"content":{"rendered":"<p>Structure \u00e0 4 pieds, en bois tourn\u00e9 imitation bambou. 1 plateau en partie basse, 1 barre d&#8217;accroche.<\/p>\n","protected":false},"excerpt":{"rendered":"<p>Structure \u00e0 4 pieds, en bois tourn\u00e9 imitation bambou. 1 plateau en partie basse, 1 barre d&#8217;accroche.<\/p>\n","protected":false},"featured_media":11986,"template":"","meta":{"_acf_changed":false},"ref-declinaison-tax":[493],"product_brand":[],"product_cat":[23],"product_tag":[249],"class_list":{"0":"post-11997","1":"product","2":"type-product","3":"status-publish","4":"has-post-thumbnail","6":"ref-declinaison-tax-493","7":"product_cat-meubles-appoint","8":"product_tag-bambou","9":"infinite-scroll-item","10":"","11":"woocommerce-text-align-center","12":"woocommerce-image-align-center","14":"first","15":"instock","16":"shipping-taxable","17":"product-type-simple"},"acf":[],"_links":{"self":[{"href":"https:\/\/moissonnier.com\/en\/wp-json\/wp\/v2\/product\/11997","targetHints":{"allow":["GET"]}}],"collection":[{"href":"https:\/\/moissonnier.com\/en\/wp-json\/wp\/v2\/product"}],"about":[{"href":"https:\/\/moissonnier.com\/en\/wp-json\/wp\/v2\/types\/product"}],"wp:featuredmedia":[{"embeddable":true,"href":"https:\/\/moissonnier.com\/en\/wp-json\/wp\/v2\/media\/11986"}],"wp:attachment":[{"href":"https:\/\/moissonnier.com\/en\/wp-json\/wp\/v2\/media?parent=11997"}],"wp:term":[{"taxonomy":"ref-declinaison-tax","embeddable":true,"href":"https:\/\/moissonnier.com\/en\/wp-json\/wp\/v2\/ref-declinaison-tax?post=11997"},{"taxonomy":"product_brand","embeddable":true,"href":"https:\/\/moissonnier.com\/en\/wp-json\/wp\/v2\/product_brand?post=11997"},{"taxonomy":"product_cat","embeddable":true,"href":"https:\/\/moissonnier.com\/en\/wp-json\/wp\/v2\/product_cat?post=11997"},{"taxonomy":"product_tag","embeddable":true,"href":"https:\/\/moissonnier.com\/en\/wp-json\/wp\/v2\/product_tag?post=11997"}],"curies":[{"name":"wp","href":"https:\/\/api.w.org\/{rel}","templated":true}]}}