{"id":7041,"date":"2024-10-24T14:47:25","date_gmt":"2024-10-24T12:47:25","guid":{"rendered":"https:\/\/wordpress-675958-4977025.cloudwaysapps.com\/terms-of-use\/"},"modified":"2025-09-03T12:19:27","modified_gmt":"2025-09-03T10:19:27","slug":"terms-of-use","status":"publish","type":"page","link":"https:\/\/moissonnier.com\/en\/terms-of-use\/","title":{"rendered":"Terms of use"},"content":{"rendered":"<div class=\"gb-container gb-container-a38923f2\">\n\n<h2 class=\"gb-headline gb-headline-eda04b20 gb-headline-text\">Company name<\/h2>\n\n\n\n<p>SAS MOISSONNIER Fr\u00e8res<br\/>Postal address of head office<br\/>40, avenue Maginot<br\/>01000 Bourg-en-Bresse<br\/>France<br\/>Tel.: +33 (0)4 74 23 15 31<br\/>Mail: 1885@moissonnier.com <\/p>\n\n\n\n<p>Share capital<br\/>100,000 euros<\/p>\n\n\n\n<p>Company registration no.<br\/>57B34<\/p>\n\n\n\n<p>Intracommunity VAT no.<br\/>FR33 757 200 340<\/p>\n\n\n\n<p>Moissonnier is registered with the Registre national des metteurs sur le march\u00e9 d&#8217;\u00e9l\u00e9ments d&#8217;ameublement under number FR016509. This market number guarantees that Moissonnier, by joining Eco-mobilier, complies with its regulatory obligations under article L541-10-1&#8211; 10\u00b0 of the French Environment Code. <\/p>\n\n\n\n<h2 class=\"gb-headline gb-headline-4cec1530 gb-headline-text\">Terms and conditions of use<\/h2>\n\n\n\n<p>The purpose of the site is to inform Internet users, to present MOISSONNIER, its collection, its inspirations, its collaborations, its projects, to request information from MOISSONNIER or to make available various press kits and releases.<\/p>\n\n\n\n<p>Any access, consultation and\/or use of the site implies full and unreserved acceptance of the Conditions of Use. MOISSONNIER reserves the right to modify the conditions of use at any time. These modifications will be applicable as soon as they are posted on the site, so it is the responsibility of users to be aware of the conditions of use in force when they access, consult or use the site.  <\/p>\n\n\n\n<h2 class=\"gb-headline gb-headline-9de596ab gb-headline-text\">Hyperlinks<\/h2>\n\n\n\n<p>The user alone is responsible for his use of hyperlinks on the Website. MOISSONNIER accepts no liability for access to, or the content of, third-party websites that can be accessed via hyperlinks on the MOISSONNIER Website. <\/p>\n\n\n\n<p>In addition, hypertext links to the Site may only be created with the prior written consent of MOISSONNIER, which may be revoked at any time and without compensation.<\/p>\n\n\n\n<p>MOISSONNIER has no control over third-party websites that create hyperlinks to this Website. MOISSONNIER therefore accepts no liability for their content. Visitors to such third-party websites do so at their own risk and must comply with their conditions of use. <\/p>\n\n\n\n<h2 class=\"gb-headline gb-headline-461cc079 gb-headline-text\">Personal data<\/h2>\n\n\n\n<p>In accordance with the French Data Protection Act no. 78-17 of January 6, 1978, amended in 2004, users have the right to access, rectify and object to the processing of their personal data.<\/p>\n\n\n\n<p>These rights may be exercised by sending a letter to : MOISSONNIER, 40 Avenue Maginot, 01000 Bourg-en-Bresse, France.<\/p>\n\n\n\n<h3 class=\"gb-headline gb-headline-8e4f95ec gb-headline-text\">Cookies<\/h3>\n\n\n\n<h3 class=\"gb-headline gb-headline-86486207 gb-headline-text\">Intellectual property<\/h3>\n\n\n\n<p>The site is an intellectual work protected by intellectual property law.<\/p>\n\n\n\n<p>The site as a whole and each of its components, such as texts, trademarks, domain names, fonts, images, photographs, illustrations, plans, logos, databases, software, animations, sounds, music&#8230; are the exclusive property of MOISSONNIER or of third parties who have duly authorized MOISSONNIER to use these elements.<\/p>\n\n\n\n<p>The use of all or part of the site, in particular by downloading, transmission, reproduction, representation, distribution or adaptation is strictly forbidden without the prior written consent of MOISSONNIER.<\/p>\n\n\n\n<p>As an exception, only private non-commercial use is authorized.<\/p>\n\n<\/div>","protected":false},"excerpt":{"rendered":"<p>Company name SAS MOISSONNIER Fr\u00e8resPostal address of head office40, avenue Maginot01000 Bourg-en-BresseFranceTel.: +33 (0)4 74 23 15 31Mail: 1885@moissonnier.com Share capital100,000 euros Company registration no.57B34 Intracommunity VAT no.FR33 757 200 340 Moissonnier is registered with the Registre national des metteurs sur le march\u00e9 d&#8217;\u00e9l\u00e9ments d&#8217;ameublement under number FR016509. This market number guarantees that Moissonnier, by &#8230; <a title=\"Terms of use\" class=\"read-more\" href=\"https:\/\/moissonnier.com\/en\/terms-of-use\/\" aria-label=\"Read more about Terms of use\">Read more<\/a><\/p>\n","protected":false},"author":2,"featured_media":0,"parent":0,"menu_order":0,"comment_status":"closed","ping_status":"closed","template":"","meta":{"_acf_changed":false,"footnotes":""},"class_list":{"0":"post-7041","1":"page","2":"type-page","3":"status-publish","5":"infinite-scroll-item"},"acf":[],"_links":{"self":[{"href":"https:\/\/moissonnier.com\/en\/wp-json\/wp\/v2\/pages\/7041","targetHints":{"allow":["GET"]}}],"collection":[{"href":"https:\/\/moissonnier.com\/en\/wp-json\/wp\/v2\/pages"}],"about":[{"href":"https:\/\/moissonnier.com\/en\/wp-json\/wp\/v2\/types\/page"}],"author":[{"embeddable":true,"href":"https:\/\/moissonnier.com\/en\/wp-json\/wp\/v2\/users\/2"}],"replies":[{"embeddable":true,"href":"https:\/\/moissonnier.com\/en\/wp-json\/wp\/v2\/comments?post=7041"}],"version-history":[{"count":4,"href":"https:\/\/moissonnier.com\/en\/wp-json\/wp\/v2\/pages\/7041\/revisions"}],"predecessor-version":[{"id":10585,"href":"https:\/\/moissonnier.com\/en\/wp-json\/wp\/v2\/pages\/7041\/revisions\/10585"}],"wp:attachment":[{"href":"https:\/\/moissonnier.com\/en\/wp-json\/wp\/v2\/media?parent=7041"}],"curies":[{"name":"wp","href":"https:\/\/api.w.org\/{rel}","templated":true}]}}